{"id":5192,"date":"2024-04-03T10:39:53","date_gmt":"2024-04-03T10:39:53","guid":{"rendered":"https:\/\/www.ak-split.hr\/o-nama\/"},"modified":"2026-03-31T22:10:09","modified_gmt":"2026-03-31T22:10:09","slug":"about-us","status":"publish","type":"page","link":"https:\/\/www.ak-split.hr\/en\/about-us\/","title":{"rendered":"About us"},"content":{"rendered":"\t\t<div data-elementor-type=\"wp-page\" data-elementor-id=\"5192\" class=\"elementor elementor-5192 elementor-4847\">\n\t\t\t\t\t\t<section class=\" elementor-section elementor-top-section elementor-element elementor-element-aeb9f6c elementor-section-boxed elementor-section-height-default elementor-section-height-default smart-sticky-default\" data-id=\"aeb9f6c\" data-element_type=\"section\" data-e-type=\"section\">\r\n\t\t\t\t\t\t\t\t<div class=\"elementor-container elementor-column-gap-default\">\r\n\t\t\t\t\r\n\t\t\t\t\t\t\t\t<div class=\" elementor-column elementor-col-50 elementor-top-column elementor-element elementor-element-ffa2389 \" data-id=\"ffa2389\" data-element_type=\"column\" data-e-type=\"column\">\r\n\r\n\t\t\t\t\r\n\t\t\t\t<div class=\"elementor-widget-wrap elementor-element-populated\">\r\n\t\t\t\t\t\t\t\t\t\t\r\n\t\t\t\t\t\t<div class=\"elementor-element elementor-element-71c08c5 elementor-widget elementor-widget-text-editor\" data-id=\"71c08c5\" data-element_type=\"widget\" data-e-type=\"widget\" data-widget_type=\"text-editor.default\">\n\t\t\t\t<div class=\"elementor-widget-container\">\n\t\t\t\t\t\t\t\t\t<p>Split Bus Station is in the very center of Split, right next to the city port and the railway station.<\/p><p>Such location enables fast and easy communication and transfer of passengers. The station with its thirty-eight employees daily strives to provide the highest quality service and comfortable accommodation within its capacity.<\/p><p>Much is invested in business informatization, modernization and further development of the offered content, all so that our service users can be satisfied with the speed and quality of the service. In order to better inform you, we have also created a new version of our Web site that is in front of you.<\/p><p>Welcome and travel (and surf) with us!<\/p>\t\t\t\t\t\t\t\t<\/div>\n\t\t\t\t<\/div>\n\t\t\t\t\t\t<\/div>\r\n\t\t\t\t<\/div>\r\n\t\t\t\t\t\t\t\t\t<div class=\" elementor-column elementor-col-50 elementor-top-column elementor-element elementor-element-8aa6f83 \" data-id=\"8aa6f83\" data-element_type=\"column\" data-e-type=\"column\">\r\n\r\n\t\t\t\t\r\n\t\t\t\t<div class=\"elementor-widget-wrap elementor-element-populated\">\r\n\t\t\t\t\t\t\t\t\t\t\r\n\t\t\t\t\t\t<div class=\"elementor-element elementor-element-4cb88be elementor-widget elementor-widget-image\" data-id=\"4cb88be\" data-element_type=\"widget\" data-e-type=\"widget\" data-widget_type=\"image.default\">\n\t\t\t\t<div class=\"elementor-widget-container\">\n\t\t\t\t\t\t\t\t\t\t\t\t\t\t\t<img fetchpriority=\"high\" decoding=\"async\" width=\"1200\" height=\"735\" src=\"https:\/\/www.ak-split.hr\/wp-content\/uploads\/2024\/04\/autobusni_kolodvor-1200x735.jpg\" class=\"attachment-large size-large wp-image-5176\" alt=\"\" srcset=\"https:\/\/www.ak-split.hr\/wp-content\/uploads\/2024\/04\/autobusni_kolodvor-1200x735.jpg 1200w, https:\/\/www.ak-split.hr\/wp-content\/uploads\/2024\/04\/autobusni_kolodvor-800x490.jpg 800w, https:\/\/www.ak-split.hr\/wp-content\/uploads\/2024\/04\/autobusni_kolodvor-768x470.jpg 768w\" sizes=\"(max-width: 1200px) 100vw, 1200px\" \/>\t\t\t\t\t\t\t\t\t\t\t\t\t\t\t<\/div>\n\t\t\t\t<\/div>\n\t\t\t\t\t\t<\/div>\r\n\t\t\t\t<\/div>\r\n\t\t\t\t\t\t\t\t<\/div>\r\n\t\t\t<\/section>\r\n\t\t\t\t\t<section class=\" elementor-section elementor-top-section elementor-element elementor-element-3bbd2c4 elementor-section-boxed elementor-section-height-default elementor-section-height-default smart-sticky-default\" data-id=\"3bbd2c4\" data-element_type=\"section\" data-e-type=\"section\">\r\n\t\t\t\t\t\t\t\t<div class=\"elementor-container elementor-column-gap-default\">\r\n\t\t\t\t\r\n\t\t\t\t\t\t\t\t<div class=\" elementor-column elementor-col-100 elementor-top-column elementor-element elementor-element-70920bb \" data-id=\"70920bb\" data-element_type=\"column\" data-e-type=\"column\">\r\n\r\n\t\t\t\t\r\n\t\t\t\t<div class=\"elementor-widget-wrap\">\r\n\t\t\t\t\t\t\t\t\t\t\r\n\t\t\t\t\t\t\t\t<\/div>\r\n\t\t\t\t<\/div>\r\n\t\t\t\t\t\t\t\t<\/div>\r\n\t\t\t<\/section>\r\n\t\t\t\t\t<section class=\" elementor-section elementor-top-section elementor-element elementor-element-cfe348a elementor-section-boxed elementor-section-height-default elementor-section-height-default smart-sticky-default\" data-id=\"cfe348a\" data-element_type=\"section\" data-e-type=\"section\">\r\n\t\t\t\t\t\t\t\t<div class=\"elementor-container elementor-column-gap-default\">\r\n\t\t\t\t\r\n\t\t\t\t\t\t\t\t<div class=\" elementor-column elementor-col-100 elementor-top-column elementor-element elementor-element-ca0db36 \" data-id=\"ca0db36\" data-element_type=\"column\" data-e-type=\"column\">\r\n\r\n\t\t\t\t\r\n\t\t\t\t<div class=\"elementor-widget-wrap elementor-element-populated\">\r\n\t\t\t\t\t\t\t\t\t\t\r\n\t\t\t\t\t\t\t\t<\/div>\r\n\t\t\t\t<\/div>\r\n\t\t\t\t\t\t\t\t<\/div>\r\n\t\t\t<\/section>\r\n\t\t\t\t\t<section class=\" elementor-section elementor-top-section elementor-element elementor-element-bdd8bc4 elementor-section-boxed elementor-section-height-default elementor-section-height-default smart-sticky-default\" data-id=\"bdd8bc4\" data-element_type=\"section\" data-e-type=\"section\">\r\n\t\t\t\t\t\t\t\t<div class=\"elementor-container elementor-column-gap-default\">\r\n\t\t\t\t\r\n\t\t\t\t\t\t\t\t<div class=\" elementor-column elementor-col-100 elementor-top-column elementor-element elementor-element-25212d2 \" data-id=\"25212d2\" data-element_type=\"column\" data-e-type=\"column\">\r\n\r\n\t\t\t\t\r\n\t\t\t\t<div class=\"elementor-widget-wrap elementor-element-populated\">\r\n\t\t\t\t\t\t\t\t\t\t\r\n\t\t\t\t\t\t<div class=\"elementor-element elementor-element-2011089 elementor-widget elementor-widget-heading\" data-id=\"2011089\" data-element_type=\"widget\" data-e-type=\"widget\" data-widget_type=\"heading.default\">\n\t\t\t\t<div class=\"elementor-widget-container\">\n\t\t\t\t\t<h2 class=\"elementor-heading-title elementor-size-default\"><h1 class=\"heading-left  style-1\" style=\"font-size: 31px;margin-top: 17px;margin-bottom: 8.5px;font-family: Poppins;font-weight: 500;line-height: 1.35em;position: relative;letter-spacing: normal;text-transform: none\"><span style=\"padding-bottom: 20px\">GENERAL AND CONTACT INFORMATION<\/span><\/h1><\/h2>\t\t\t\t<\/div>\n\t\t\t\t<\/div>\n\t\t\t\t<div class=\"elementor-element elementor-element-dcdffff elementor-widget elementor-widget-text-editor\" data-id=\"dcdffff\" data-element_type=\"widget\" data-e-type=\"widget\" data-widget_type=\"text-editor.default\">\n\t\t\t\t<div class=\"elementor-widget-container\">\n\t\t\t\t\t\t\t\t\t<table class=\"table\"><tbody><tr><td class=\"td_informacije-left\">Full Name of Company::<\/td><td class=\"td_informacije\">Autobusni kolodvor Split dru\u0161tvo s ograni\u010denom odgovorno\u0161\u0107u za usluge u cestovnom prometu i putni\u010dka agencija<\/td><\/tr><tr class=\"informacije\"><td class=\"td_informacije-left\">Short name of the Company:<\/td><td class=\"td_informacije\">Autobusni kolodvor Split d.o.o.<\/td><\/tr><tr><td class=\"td_informacije-left\">Business address, headquarters and management board&#8217;s address:<\/td><td class=\"td_informacije\">Obala Kneza Domagoja no.12<br \/>21000 Split, CROATIA<\/td><\/tr><tr class=\"informacije\"><td class=\"td_informacije-left\"><span class=\"td_informacije\">Phone (Central office):<\/span><\/td><td class=\"td_informacije\"><span class=\"td_informacije\">+385 (0)21 329-180<\/span><\/td><\/tr><tr><td class=\"td_informacije-left\">Fax:<\/td><td class=\"td_informacije\">+385 (0)21 329-182<\/td><\/tr><tr class=\"informacije\"><td class=\"td_informacije-left\"><p>Info phone (domestic transport):<\/p><p>operator:<\/p><p>call price:<\/p><\/td><td class=\"td_informacije\"><p>+385 (0)60 640-640<\/p><p>T-Hrvatski Telekom<\/p><p>Info phone (\u20ac0.93 per minute &#8211; landline, \u20ac1.12 per minute &#8211; mobile)<\/p><\/td><\/tr><tr><td class=\"td_informacije-left\">Info phone (international<br \/>transport):<\/td><td class=\"td_informacije\">+385 (0)21 329-199<\/td><\/tr><tr class=\"informacije\"><td class=\"td_informacije-left\">E-po\u0161ta (informacije):<\/td><td class=\"td_informacije\">info@ak-split.hr<\/td><\/tr><tr><td class=\"td_informacije-left\">Transaction account:<\/td><td class=\"td_informacije\">2340009-1100222572 (Privredna banka Zagreb d.d., Zagreb)<\/td><\/tr><tr class=\"informacije\"><td class=\"td_informacije-left\">OIB:<\/td><td class=\"td_informacije\">04413178343<\/td><\/tr><tr><td class=\"td_informacije-left\">MBR:<\/td><td class=\"td_informacije\">3131530<\/td><\/tr><tr class=\"informacije\"><td class=\"td_informacije-left\">Court where the company is registered:<\/td><td class=\"td_informacije\">Trgova\u010dki Sud u Splitu<\/td><\/tr><tr><td class=\"td_informacije-left\">MBS:<\/td><td class=\"td_informacije\">060170601<\/td><\/tr><tr class=\"informacije\"><td class=\"td_informacije-left\">Core capital:<\/td><td class=\"td_informacije\">3.650.400,00 kn<\/td><\/tr><tr><td class=\"td_informacije-left\">Management Board:<\/td><td class=\"td_informacije\">Mate Jujnovi\u0107, director<\/td><\/tr><\/tbody><\/table>\t\t\t\t\t\t\t\t<\/div>\n\t\t\t\t<\/div>\n\t\t\t\t\t\t<\/div>\r\n\t\t\t\t<\/div>\r\n\t\t\t\t\t\t\t\t<\/div>\r\n\t\t\t<\/section>\r\n\t\t\t\t\t<\/div>\n\t\t","protected":false},"excerpt":{"rendered":"<p>Split Bus Station is in the very center of Split, right next to the city port and the railway station. Such location enables fast and easy communication and transfer of passengers. The station with its thirty-eight employees daily strives to provide the highest quality service and comfortable accommodation within its capacity. Much is invested in [&hellip;]<\/p>\n","protected":false},"author":6,"featured_media":0,"parent":0,"menu_order":0,"comment_status":"closed","ping_status":"closed","template":"","meta":{"footnotes":""},"class_list":["post-5192","page","type-page","status-publish","hentry"],"_links":{"self":[{"href":"https:\/\/www.ak-split.hr\/en\/wp-json\/wp\/v2\/pages\/5192","targetHints":{"allow":["GET"]}}],"collection":[{"href":"https:\/\/www.ak-split.hr\/en\/wp-json\/wp\/v2\/pages"}],"about":[{"href":"https:\/\/www.ak-split.hr\/en\/wp-json\/wp\/v2\/types\/page"}],"author":[{"embeddable":true,"href":"https:\/\/www.ak-split.hr\/en\/wp-json\/wp\/v2\/users\/6"}],"replies":[{"embeddable":true,"href":"https:\/\/www.ak-split.hr\/en\/wp-json\/wp\/v2\/comments?post=5192"}],"version-history":[{"count":3,"href":"https:\/\/www.ak-split.hr\/en\/wp-json\/wp\/v2\/pages\/5192\/revisions"}],"predecessor-version":[{"id":5904,"href":"https:\/\/www.ak-split.hr\/en\/wp-json\/wp\/v2\/pages\/5192\/revisions\/5904"}],"wp:attachment":[{"href":"https:\/\/www.ak-split.hr\/en\/wp-json\/wp\/v2\/media?parent=5192"}],"curies":[{"name":"wp","href":"https:\/\/api.w.org\/{rel}","templated":true}]}}