{"id":4949,"date":"2024-04-03T10:36:06","date_gmt":"2024-04-03T10:36:06","guid":{"rendered":"https:\/\/www.ak-split.hr\/zakoni-pravilnici\/"},"modified":"2024-04-05T11:14:55","modified_gmt":"2024-04-05T11:14:55","slug":"laws-regulations","status":"publish","type":"page","link":"https:\/\/www.ak-split.hr\/en\/about-us\/laws-regulations\/","title":{"rendered":"Laws, Regulations"},"content":{"rendered":"<p><strong>INTERNAL ACTS:<\/strong><\/p>\n<p><a href=\"https:\/\/www.ak-split.hr\/en\/general-business-of-ak-split\/\">General conditions for performing station activities with price list of AKS services<\/a><br \/>\n<a href=\"https:\/\/www.ak-split.hr\/en\/general-terms-and-conditions-of-online-ticket-sales-ak-split\/\">General conditions for selling tickets online<\/a><br \/>\n<a href=\"https:\/\/www.ak-split.hr\/garderoba\/\">General conditions on the operation of the cloakroom<\/a><\/p>\n<p><strong>LAWS:<\/strong><\/p>\n<ol>\n<li><a href=\"https:\/\/www.zakon.hr\/z\/245\/Zakon-o-prijevozu-u-cestovnom-prometu\" target=\"_blank\" rel=\"noopener\">Law on Road Transport \/Official Gazette 41\/18; 98\/19\/<\/a><\/li>\n<li><a href=\"https:\/\/www.zakon.hr\/z\/193\/Zakon-o-za\u0161titi-potro\u0161a\u010da\" target=\"_blank\" rel=\"noopener\">Law on Consumer Protection \/Official Gazette 41\/14; 110\/15; 14\/19\/<\/a><\/li>\n<li><a href=\"https:\/\/www.zakon.hr\/z\/126\/Zakon-o-pravu-na-pristup-informacijam\" target=\"_blank\" rel=\"noopener\">Law on the right to access information \/Official Gazette 25\/13; 85\/15\/<\/a><\/li>\n<li><a href=\"https:\/\/www.zakon.hr\/z\/199\/Zakon-o-elektroniki\u010dka-trgovini\" target=\"_blank\" rel=\"noopener\">Law on Electronic Commerce \/Official Gazette 173\/03; 67\/08; 130\/11; 32\/19\/<\/a><\/li>\n<li><a href=\"https:\/\/www.zakon.hr\/z\/1023\/Zakon-o-provedbi-Op\u0107e-uredbe-o-za\u0161titi-podataka\" target=\"_blank\" rel=\"noopener\">Law on the Implementation of the General Regulation on Data Protection \/Official Gazette 42\/18\/<\/a><\/li>\n<\/ol>\n<p>&nbsp;<\/p>\n<p><strong>RULES:<\/strong><\/p>\n<ol>\n<li><a href=\"https:\/\/narodne-novine.nn.hr\/clanci\/sluzbeni\/full\/2018_06_57_1176.html\" target=\"_blank\" rel=\"noopener\">Ordinance on bus stations \/Official Gazette 57\/18\/<\/a><\/li>\n<li><a href=\"https:\/\/narodne-novine.nn.hr\/clanci\/sluzbeni\/2019_11_116_2323.html\" target=\"_blank\" rel=\"noopener\">Rulebook on the performance of public regular passenger transport in road traffic \/Official Gazette 116\/19\/<\/a><\/li>\n<\/ol>\n","protected":false},"excerpt":{"rendered":"<p>INTERNAL ACTS: General conditions for performing station activities with price list of AKS services General conditions for selling tickets online General conditions on the operation of the cloakroom LAWS: Law on Road Transport \/Official Gazette 41\/18; 98\/19\/ Law on Consumer Protection \/Official Gazette 41\/14; 110\/15; 14\/19\/ Law on the right to access information \/Official Gazette [&hellip;]<\/p>\n","protected":false},"author":6,"featured_media":0,"parent":5192,"menu_order":0,"comment_status":"closed","ping_status":"closed","template":"","meta":{"footnotes":""},"class_list":["post-4949","page","type-page","status-publish","hentry"],"_links":{"self":[{"href":"https:\/\/www.ak-split.hr\/en\/wp-json\/wp\/v2\/pages\/4949","targetHints":{"allow":["GET"]}}],"collection":[{"href":"https:\/\/www.ak-split.hr\/en\/wp-json\/wp\/v2\/pages"}],"about":[{"href":"https:\/\/www.ak-split.hr\/en\/wp-json\/wp\/v2\/types\/page"}],"author":[{"embeddable":true,"href":"https:\/\/www.ak-split.hr\/en\/wp-json\/wp\/v2\/users\/6"}],"replies":[{"embeddable":true,"href":"https:\/\/www.ak-split.hr\/en\/wp-json\/wp\/v2\/comments?post=4949"}],"version-history":[{"count":0,"href":"https:\/\/www.ak-split.hr\/en\/wp-json\/wp\/v2\/pages\/4949\/revisions"}],"up":[{"embeddable":true,"href":"https:\/\/www.ak-split.hr\/en\/wp-json\/wp\/v2\/pages\/5192"}],"wp:attachment":[{"href":"https:\/\/www.ak-split.hr\/en\/wp-json\/wp\/v2\/media?parent=4949"}],"curies":[{"name":"wp","href":"https:\/\/api.w.org\/{rel}","templated":true}]}}